{"id":1029,"date":"2026-02-23T14:26:29","date_gmt":"2026-02-23T13:26:29","guid":{"rendered":"https:\/\/crossmove.tasnadi.group\/?page_id=1029"},"modified":"2026-03-12T17:19:58","modified_gmt":"2026-03-12T16:19:58","slug":"adatkezelesi-tajekoztato","status":"publish","type":"page","link":"https:\/\/crossmove.tasnadi.group\/de\/adatkezelesi-tajekoztato\/","title":{"rendered":"Hinweis zum Datenschutz"},"content":{"rendered":"<div data-elementor-type=\"wp-page\" data-elementor-id=\"1029\" class=\"elementor elementor-1029\" data-elementor-post-type=\"page\">\n\t\t\t\t<div class=\"elementor-element elementor-element-815df0f e-flex e-con-boxed e-con e-parent\" data-id=\"815df0f\" data-element_type=\"container\" data-e-type=\"container\" data-settings=\"{&quot;background_background&quot;:&quot;gradient&quot;}\">\n\t\t\t\t\t<div class=\"e-con-inner\">\n\t\t\t\t<div class=\"elementor-element elementor-element-3986e51 elementor-widget elementor-widget-heading\" data-id=\"3986e51\" data-element_type=\"widget\" data-e-type=\"widget\" data-widget_type=\"heading.default\">\n\t\t\t\t\t<h2 class=\"elementor-heading-title elementor-size-default\">Hinweis zum Datenschutz<\/h2>\t\t\t\t<\/div>\n\t\t\t\t<div class=\"elementor-element elementor-element-2290cbb elementor-widget elementor-widget-text-editor\" data-id=\"2290cbb\" data-element_type=\"widget\" data-e-type=\"widget\" data-widget_type=\"text-editor.default\">\n\t\t\t\t\t\t\t\t\t<div class=\"elementor-element elementor-element-ecaa285 elementor-widget elementor-widget-heading\" data-id=\"ecaa285\" data-element_type=\"widget\" data-e-type=\"widget\" data-widget_type=\"heading.default\">\u00a0<\/div><div class=\"elementor-element elementor-element-c97a5ca elementor-widget elementor-widget-heading\" data-id=\"c97a5ca\" data-element_type=\"widget\" data-e-type=\"widget\" data-widget_type=\"heading.default\"><p class=\"elementor-heading-title elementor-size-default\"><strong>Name<\/strong>:\u00a0<\/p><\/div><div class=\"elementor-element elementor-element-338a273 elementor-widget elementor-widget-text-editor\" data-id=\"338a273\" data-element_type=\"widget\" data-e-type=\"widget\" data-widget_type=\"text-editor.default\"><div dir=\"auto\"><div dir=\"auto\"><strong>Hauptsitz<\/strong>:\u00a0<\/div><div dir=\"auto\"><strong>Steuernummer<\/strong>:\u00a0<\/div><div dir=\"auto\">Registrierungsnummer:\u00a0<\/div><div dir=\"auto\"><strong>E-Mail<\/strong>:\u00a0<\/div><div dir=\"auto\"><strong>Telefon<\/strong>:\u00a0<\/div><div dir=\"auto\">\u00a0<\/div><div dir=\"auto\">Verarbeitete Daten: Name, E-Mail, Telefonnummer, Adresse, Lieferadresse (falls f\u00fcr die Erbringung der Dienstleistung erforderlich).<\/div><div dir=\"auto\">Rechtsgrundlage f\u00fcr die Verarbeitung: Erf\u00fcllung eines Vertrags, gesetzliche Verpflichtung, Einwilligung der betroffenen Person.<\/div><div dir=\"auto\">\u00dcbermittlung von Daten: Die Daten werden nur zum Zweck der Auftragserf\u00fcllung und an den Datenverarbeiter (z.B. Hosting-Provider, Buchhalter) \u00fcbermittelt.<\/div><div dir=\"auto\">Datenspeicherung: f\u00fcr den gesetzlich vorgeschriebenen Zeitraum.<\/div><div dir=\"auto\">Rechte der Betroffenen: Betroffene Personen k\u00f6nnen bei der Nationalen Beh\u00f6rde f\u00fcr Datenschutz und Informationsfreiheit Auskunft, Berichtigung, L\u00f6schung, Einschr\u00e4nkung der Verarbeitung verlangen, Widerspruch gegen die Verarbeitung einlegen und eine Beschwerde einreichen.<\/div><\/div><\/div>\t\t\t\t\t\t\t\t<\/div>\n\t\t\t\t\t<\/div>\n\t\t\t\t<\/div>\n\t\t\t\t<\/div>","protected":false},"excerpt":{"rendered":"<p>Adatkezel\u00e9si t\u00e1j\u00e9koztat\u00f3 \u00a0 N\u00e9v:\u00a0 Sz\u00e9khely:\u00a0Ad\u00f3sz\u00e1m:\u00a0Nyilv\u00e1ntart\u00e1si sz\u00e1m:\u00a0E-mail:\u00a0Telefon:\u00a0\u00a0Kezelt adatok k\u00f6re: N\u00e9v, e-mail, telefonsz\u00e1m, lakc\u00edm, sz\u00e1ll\u00edt\u00e1si c\u00edm (ha sz\u00fcks\u00e9ges szolg\u00e1ltat\u00e1s teljes\u00edt\u00e9s\u00e9hez).Adatkezel\u00e9s jogalapja: Szerz\u0151d\u00e9s teljes\u00edt\u00e9se, t\u00f6rv\u00e9nyi k\u00f6telezetts\u00e9g, \u00e9rintett hozz\u00e1j\u00e1rul\u00e1sa.Adattov\u00e1bb\u00edt\u00e1s: Az<span class=\"excerpt-hellip\"> [\u2026]<\/span><\/p>\n","protected":false},"author":1,"featured_media":-1,"parent":0,"menu_order":0,"comment_status":"closed","ping_status":"closed","template":"elementor_header_footer","meta":{"_seopress_robots_primary_cat":"","_seopress_titles_title":"","_seopress_titles_desc":"","_seopress_robots_index":"","footnotes":""},"class_list":["post-1029","page","type-page","status-publish","has-post-thumbnail","hentry"],"_links":{"self":[{"href":"https:\/\/crossmove.tasnadi.group\/de\/wp-json\/wp\/v2\/pages\/1029","targetHints":{"allow":["GET"]}}],"collection":[{"href":"https:\/\/crossmove.tasnadi.group\/de\/wp-json\/wp\/v2\/pages"}],"about":[{"href":"https:\/\/crossmove.tasnadi.group\/de\/wp-json\/wp\/v2\/types\/page"}],"author":[{"embeddable":true,"href":"https:\/\/crossmove.tasnadi.group\/de\/wp-json\/wp\/v2\/users\/1"}],"replies":[{"embeddable":true,"href":"https:\/\/crossmove.tasnadi.group\/de\/wp-json\/wp\/v2\/comments?post=1029"}],"version-history":[{"count":16,"href":"https:\/\/crossmove.tasnadi.group\/de\/wp-json\/wp\/v2\/pages\/1029\/revisions"}],"predecessor-version":[{"id":1119,"href":"https:\/\/crossmove.tasnadi.group\/de\/wp-json\/wp\/v2\/pages\/1029\/revisions\/1119"}],"wp:featuredmedia":[{"embeddable":true,"href":"https:\/\/crossmove.tasnadi.group\/de\/wp-json\/"}],"wp:attachment":[{"href":"https:\/\/crossmove.tasnadi.group\/de\/wp-json\/wp\/v2\/media?parent=1029"}],"curies":[{"name":"wp","href":"https:\/\/api.w.org\/{rel}","templated":true}]}}