{"id":1037,"date":"2026-02-23T14:56:30","date_gmt":"2026-02-23T13:56:30","guid":{"rendered":"https:\/\/crossmove.tasnadi.group\/?page_id=1037"},"modified":"2026-03-12T17:19:30","modified_gmt":"2026-03-12T16:19:30","slug":"impresszum","status":"publish","type":"page","link":"https:\/\/crossmove.tasnadi.group\/de\/impresszum\/","title":{"rendered":"Impressum"},"content":{"rendered":"<div data-elementor-type=\"wp-page\" data-elementor-id=\"1037\" class=\"elementor elementor-1037\" data-elementor-post-type=\"page\">\n\t\t\t\t<div class=\"elementor-element elementor-element-8f8ad33 e-flex e-con-boxed e-con e-parent\" data-id=\"8f8ad33\" data-element_type=\"container\" data-e-type=\"container\" data-settings=\"{&quot;background_background&quot;:&quot;gradient&quot;}\">\n\t\t\t\t\t<div class=\"e-con-inner\">\n\t\t\t\t<div class=\"elementor-element elementor-element-ae42d76 elementor-widget elementor-widget-heading\" data-id=\"ae42d76\" data-element_type=\"widget\" data-e-type=\"widget\" data-widget_type=\"heading.default\">\n\t\t\t\t\t<h2 class=\"elementor-heading-title elementor-size-default\">IMPRESUSE<\/h2>\t\t\t\t<\/div>\n\t\t\t\t<div class=\"elementor-element elementor-element-0cd7b21 elementor-widget elementor-widget-text-editor\" data-id=\"0cd7b21\" data-element_type=\"widget\" data-e-type=\"widget\" data-widget_type=\"text-editor.default\">\n\t\t\t\t\t\t\t\t\t<div class=\"elementor-element elementor-element-ecaa285 elementor-widget elementor-widget-heading\" data-id=\"ecaa285\" data-element_type=\"widget\" data-e-type=\"widget\" data-widget_type=\"heading.default\"><div class=\"elementor-element elementor-element-ecaa285 elementor-widget elementor-widget-heading\" data-id=\"ecaa285\" data-element_type=\"widget\" data-e-type=\"widget\" data-widget_type=\"heading.default\"><p class=\"elementor-heading-title elementor-size-default\"><span style=\"font-size: 14px;\">Name des Dienstanbieters:\u00a0<\/span><\/p><\/div><div class=\"elementor-element elementor-element-36789b1 elementor-widget elementor-widget-text-editor\" data-id=\"36789b1\" data-element_type=\"widget\" data-e-type=\"widget\" data-widget_type=\"text-editor.default\"><div dir=\"auto\">Sitz:\u00a0<\/div><div dir=\"auto\">Steuernummer:\u00a0<\/div><div dir=\"auto\">Registrierungsnummer:\u00a0<\/div><div dir=\"auto\">Kontakt:\u00a0<\/div><div dir=\"auto\">E-Mail:\u00a0<\/div><div dir=\"auto\">Telefon:\u00a0<\/div><div dir=\"auto\">Zust\u00e4ndige Beh\u00f6rde: xxx County Tax and Customs Directorate<\/div><div dir=\"auto\">Anbieter von gemeinsam genutztem Raum:\u00a0<\/div><\/div><\/div>\t\t\t\t\t\t\t\t<\/div>\n\t\t\t\t\t<\/div>\n\t\t\t\t<\/div>\n\t\t\t\t<\/div>","protected":false},"excerpt":{"rendered":"<p>IMPRESSZUM Szolg\u00e1ltat\u00f3 neve:\u00a0 Sz\u00e9khely:\u00a0Ad\u00f3sz\u00e1m:\u00a0Nyilv\u00e1ntart\u00e1si sz\u00e1m:\u00a0Kapcsolattart\u00f3:\u00a0E-mail:\u00a0Telefon:\u00a0Illet\u00e9kes hat\u00f3s\u00e1g: xxx v\u00e1rmegyei Ad\u00f3- \u00e9s V\u00e1migazgat\u00f3s\u00e1gT\u00e1rhelyszolg\u00e1ltat\u00f3:\u00a0<\/p>","protected":false},"author":1,"featured_media":-1,"parent":0,"menu_order":0,"comment_status":"closed","ping_status":"closed","template":"elementor_header_footer","meta":{"_seopress_robots_primary_cat":"","_seopress_titles_title":"","_seopress_titles_desc":"","_seopress_robots_index":"","footnotes":""},"class_list":["post-1037","page","type-page","status-publish","has-post-thumbnail","hentry"],"_links":{"self":[{"href":"https:\/\/crossmove.tasnadi.group\/de\/wp-json\/wp\/v2\/pages\/1037","targetHints":{"allow":["GET"]}}],"collection":[{"href":"https:\/\/crossmove.tasnadi.group\/de\/wp-json\/wp\/v2\/pages"}],"about":[{"href":"https:\/\/crossmove.tasnadi.group\/de\/wp-json\/wp\/v2\/types\/page"}],"author":[{"embeddable":true,"href":"https:\/\/crossmove.tasnadi.group\/de\/wp-json\/wp\/v2\/users\/1"}],"replies":[{"embeddable":true,"href":"https:\/\/crossmove.tasnadi.group\/de\/wp-json\/wp\/v2\/comments?post=1037"}],"version-history":[{"count":10,"href":"https:\/\/crossmove.tasnadi.group\/de\/wp-json\/wp\/v2\/pages\/1037\/revisions"}],"predecessor-version":[{"id":1116,"href":"https:\/\/crossmove.tasnadi.group\/de\/wp-json\/wp\/v2\/pages\/1037\/revisions\/1116"}],"wp:featuredmedia":[{"embeddable":true,"href":"https:\/\/crossmove.tasnadi.group\/de\/wp-json\/"}],"wp:attachment":[{"href":"https:\/\/crossmove.tasnadi.group\/de\/wp-json\/wp\/v2\/media?parent=1037"}],"curies":[{"name":"wp","href":"https:\/\/api.w.org\/{rel}","templated":true}]}}