{"id":44,"date":"2020-05-07T08:46:57","date_gmt":"2020-05-07T08:46:57","guid":{"rendered":"https:\/\/themes.muffingroup.com\/be\/model3\/?page_id=44"},"modified":"2026-04-01T13:26:35","modified_gmt":"2026-04-01T11:26:35","slug":"rekreacio-wellbeing","status":"publish","type":"page","link":"https:\/\/crossmove.tasnadi.group\/en\/rekreacio-wellbeing\/","title":{"rendered":"Recreation &amp; wellbeing"},"content":{"rendered":"<div data-elementor-type=\"wp-page\" data-elementor-id=\"44\" class=\"elementor elementor-44\" data-elementor-post-type=\"page\">\n\t\t\t\t\t\t<section class=\"elementor-section elementor-top-section elementor-element elementor-element-6d2aca4 elementor-section-full_width elementor-section-stretched elementor-section-height-default elementor-section-height-default\" data-id=\"6d2aca4\" data-element_type=\"section\" data-e-type=\"section\" data-settings=\"{&quot;stretch_section&quot;:&quot;section-stretched&quot;,&quot;background_background&quot;:&quot;gradient&quot;}\">\n\t\t\t\t\t\t<div class=\"elementor-container elementor-column-gap-wider\">\n\t\t\t\t\t<div class=\"elementor-column elementor-col-100 elementor-top-column elementor-element elementor-element-59c4405\" data-id=\"59c4405\" data-element_type=\"column\" data-e-type=\"column\">\n\t\t\t<div class=\"elementor-widget-wrap elementor-element-populated\">\n\t\t\t\t\t\t<section class=\"elementor-section elementor-inner-section elementor-element elementor-element-42c184e elementor-section-full_width elementor-section-height-default elementor-section-height-default\" data-id=\"42c184e\" data-element_type=\"section\" data-e-type=\"section\">\n\t\t\t\t\t\t<div class=\"elementor-container elementor-column-gap-default\">\n\t\t\t\t\t<div class=\"elementor-column elementor-col-50 elementor-inner-column elementor-element elementor-element-d8b7678\" data-id=\"d8b7678\" data-element_type=\"column\" data-e-type=\"column\">\n\t\t\t<div class=\"elementor-widget-wrap\">\n\t\t\t\t\t\t\t<\/div>\n\t\t<\/div>\n\t\t\t\t<div class=\"elementor-column elementor-col-50 elementor-inner-column elementor-element elementor-element-046ae13\" data-id=\"046ae13\" data-element_type=\"column\" data-e-type=\"column\">\n\t\t\t<div class=\"elementor-widget-wrap elementor-element-populated\">\n\t\t\t\t\t\t<div class=\"elementor-element elementor-element-c834202 elementor-widget elementor-widget-text-editor\" data-id=\"c834202\" data-element_type=\"widget\" data-e-type=\"widget\" data-widget_type=\"text-editor.default\">\n\t\t\t\t\t\t\t\t\t<p><b>Recreation &amp; wellbeing<\/b><\/p>\t\t\t\t\t\t\t\t<\/div>\n\t\t\t\t\t<\/div>\n\t\t<\/div>\n\t\t\t\t\t<\/div>\n\t\t<\/section>\n\t\t\t\t<section class=\"elementor-section elementor-inner-section elementor-element elementor-element-8fa5e68 elementor-section-full_width elementor-section-height-default elementor-section-height-default\" data-id=\"8fa5e68\" data-element_type=\"section\" data-e-type=\"section\">\n\t\t\t\t\t\t<div class=\"elementor-container elementor-column-gap-default\">\n\t\t\t\t\t<div class=\"elementor-column elementor-col-33 elementor-inner-column elementor-element elementor-element-93b901a\" data-id=\"93b901a\" data-element_type=\"column\" data-e-type=\"column\">\n\t\t\t<div class=\"elementor-widget-wrap elementor-element-populated\">\n\t\t\t\t\t\t<div class=\"elementor-element elementor-element-92a02d1 elementor-widget elementor-widget-mfn_zoom_box\" data-id=\"92a02d1\" data-element_type=\"widget\" data-e-type=\"widget\" data-widget_type=\"mfn_zoom_box.default\">\n\t\t\t\t<div class=\"elementor-widget-container\">\n\t\t\t\t\t<div class=\"zoom_box\"><a href=\"https:\/\/crossmove.tasnadi.group\/en\/blog\/portfolio-item\/hidegterapia\/\"  title=\"\"><div class=\"photo\"><img fetchpriority=\"high\" decoding=\"async\" class=\"scale-with-grid\" src=\"https:\/\/crossmove.tasnadi.group\/wp-content\/uploads\/2025\/12\/IMG_6429.jpg\" alt=\"IMG_6429\" width=\"2048\" height=\"1152\"\/><\/div><div class=\"desc\" style=\"background-color:rgba(31,32,32,0.8);\"><div class=\"desc_wrap\"><div class=\"desc_txt\"><p><i><span style=\"font-weight: 400;\">Cold therapy<\/span><\/i><\/p><\/div><\/div><\/div><\/a><\/div>\n\t\t\t\t<\/div>\n\t\t\t\t<\/div>\n\t\t\t\t\t<\/div>\n\t\t<\/div>\n\t\t\t\t<div class=\"elementor-column elementor-col-33 elementor-inner-column elementor-element elementor-element-06188e0\" data-id=\"06188e0\" data-element_type=\"column\" data-e-type=\"column\">\n\t\t\t<div class=\"elementor-widget-wrap elementor-element-populated\">\n\t\t\t\t\t\t<div class=\"elementor-element elementor-element-07bd4d2 elementor-widget elementor-widget-mfn_zoom_box\" data-id=\"07bd4d2\" data-element_type=\"widget\" data-e-type=\"widget\" data-widget_type=\"mfn_zoom_box.default\">\n\t\t\t\t<div class=\"elementor-widget-container\">\n\t\t\t\t\t<div class=\"zoom_box\"><a href=\"https:\/\/crossmove.tasnadi.group\/en\/blog\/portfolio-item\/termeszetes-feny\/\"  title=\"\"><div class=\"photo\"><img decoding=\"async\" class=\"scale-with-grid\" src=\"https:\/\/crossmove.tasnadi.group\/wp-content\/uploads\/2025\/12\/DSC01715-2-scaled.jpg\" alt=\"DSC01715-2\" width=\"2560\" height=\"1707\"\/><\/div><div class=\"desc\" style=\"background-color:rgba(31,51,50,0.8);\"><div class=\"desc_wrap\"><div class=\"desc_txt\"><p><i><span style=\"font-weight: 400;\">Natural light<\/span><\/i><\/p><p>\u00a0<\/p><\/div><\/div><\/div><\/a><\/div>\n\t\t\t\t<\/div>\n\t\t\t\t<\/div>\n\t\t\t\t\t<\/div>\n\t\t<\/div>\n\t\t\t\t<div class=\"elementor-column elementor-col-33 elementor-inner-column elementor-element elementor-element-735952e\" data-id=\"735952e\" data-element_type=\"column\" data-e-type=\"column\">\n\t\t\t<div class=\"elementor-widget-wrap elementor-element-populated\">\n\t\t\t\t\t\t<div class=\"elementor-element elementor-element-91c391c elementor-widget elementor-widget-mfn_zoom_box\" data-id=\"91c391c\" data-element_type=\"widget\" data-e-type=\"widget\" data-widget_type=\"mfn_zoom_box.default\">\n\t\t\t\t<div class=\"elementor-widget-container\">\n\t\t\t\t\t<div class=\"zoom_box\"><a href=\"https:\/\/crossmove.tasnadi.group\/en\/blog\/portfolio-item\/mobilizacio\/\"  title=\"\"><div class=\"photo\"><img decoding=\"async\" class=\"scale-with-grid\" src=\"https:\/\/crossmove.tasnadi.group\/wp-content\/uploads\/2025\/12\/DSC01423-scaled.jpg\" alt=\"DSC01423\" width=\"2560\" height=\"1707\"\/><\/div><div class=\"desc\" style=\"background-color:rgba(51,89,121,0.8);\"><div class=\"desc_wrap\"><div class=\"desc_txt\"><p><i><span style=\"font-weight: 400;\">Mobilisation<\/span><\/i><\/p><\/div><\/div><\/div><\/a><\/div>\n\t\t\t\t<\/div>\n\t\t\t\t<\/div>\n\t\t\t\t\t<\/div>\n\t\t<\/div>\n\t\t\t\t\t<\/div>\n\t\t<\/section>\n\t\t\t\t<section class=\"elementor-section elementor-inner-section elementor-element elementor-element-b24334a elementor-section-full_width elementor-section-height-default elementor-section-height-default\" data-id=\"b24334a\" data-element_type=\"section\" data-e-type=\"section\">\n\t\t\t\t\t\t<div class=\"elementor-container elementor-column-gap-default\">\n\t\t\t\t\t<div class=\"elementor-column elementor-col-33 elementor-inner-column elementor-element elementor-element-8cf7015\" data-id=\"8cf7015\" data-element_type=\"column\" data-e-type=\"column\">\n\t\t\t<div class=\"elementor-widget-wrap elementor-element-populated\">\n\t\t\t\t\t\t<div class=\"elementor-element elementor-element-3986980 elementor-widget elementor-widget-mfn_zoom_box\" data-id=\"3986980\" data-element_type=\"widget\" data-e-type=\"widget\" data-widget_type=\"mfn_zoom_box.default\">\n\t\t\t\t<div class=\"elementor-widget-container\">\n\t\t\t\t\t<div class=\"zoom_box\"><a href=\"https:\/\/crossmove.tasnadi.group\/en\/blog\/portfolio-item\/gerincfokusz\/\"  title=\"\"><div class=\"photo\"><img loading=\"lazy\" decoding=\"async\" class=\"scale-with-grid\" src=\"https:\/\/crossmove.tasnadi.group\/wp-content\/uploads\/2025\/12\/DSC01397-scaled.jpg\" alt=\"DSC01397\" width=\"1707\" height=\"2560\"\/><\/div><div class=\"desc\" style=\"background-color:rgba(65,140,149,0.8);\"><div class=\"desc_wrap\"><div class=\"desc_txt\"><p><i><span style=\"font-weight: 400;\">Spinal focus<\/span><\/i><\/p><\/div><\/div><\/div><\/a><\/div>\n\t\t\t\t<\/div>\n\t\t\t\t<\/div>\n\t\t\t\t\t<\/div>\n\t\t<\/div>\n\t\t\t\t<div class=\"elementor-column elementor-col-33 elementor-inner-column elementor-element elementor-element-af3dee3\" data-id=\"af3dee3\" data-element_type=\"column\" data-e-type=\"column\">\n\t\t\t<div class=\"elementor-widget-wrap elementor-element-populated\">\n\t\t\t\t\t\t<div class=\"elementor-element elementor-element-eb794cf elementor-widget elementor-widget-mfn_zoom_box\" data-id=\"eb794cf\" data-element_type=\"widget\" data-e-type=\"widget\" data-widget_type=\"mfn_zoom_box.default\">\n\t\t\t\t<div class=\"elementor-widget-container\">\n\t\t\t\t\t<div class=\"zoom_box\"><a href=\"https:\/\/crossmove.tasnadi.group\/en\/blog\/portfolio-item\/uszas\/\"  title=\"\"><div class=\"photo\"><img loading=\"lazy\" decoding=\"async\" class=\"scale-with-grid\" src=\"https:\/\/crossmove.tasnadi.group\/wp-content\/uploads\/2025\/12\/IMG_2940-scaled.jpg\" alt=\"IMG_2940\" width=\"2560\" height=\"1920\"\/><\/div><div class=\"desc\" style=\"background-color:rgba(233,58,44,0.8);\"><div class=\"desc_wrap\"><div class=\"desc_txt\"><p><i><span style=\"font-weight: 400;\">Swimming<\/span><\/i><\/p><\/div><\/div><\/div><\/a><\/div>\n\t\t\t\t<\/div>\n\t\t\t\t<\/div>\n\t\t\t\t\t<\/div>\n\t\t<\/div>\n\t\t\t\t<div class=\"elementor-column elementor-col-33 elementor-inner-column elementor-element elementor-element-22b080c\" data-id=\"22b080c\" data-element_type=\"column\" data-e-type=\"column\">\n\t\t\t<div class=\"elementor-widget-wrap elementor-element-populated\">\n\t\t\t\t\t\t<div class=\"elementor-element elementor-element-3c29ffe elementor-widget elementor-widget-mfn_zoom_box\" data-id=\"3c29ffe\" data-element_type=\"widget\" data-e-type=\"widget\" data-widget_type=\"mfn_zoom_box.default\">\n\t\t\t\t<div class=\"elementor-widget-container\">\n\t\t\t\t\t<div class=\"zoom_box\"><a href=\"https:\/\/crossmove.tasnadi.group\/en\/blog\/portfolio-item\/sporttaplalkozas\/\"  title=\"\"><div class=\"photo\"><img loading=\"lazy\" decoding=\"async\" class=\"scale-with-grid\" src=\"https:\/\/crossmove.tasnadi.group\/wp-content\/uploads\/2025\/12\/DSC01645-scaled.jpg\" alt=\"DSC01645\" width=\"1706\" height=\"2560\"\/><\/div><div class=\"desc\" style=\"background-color:rgba(147,106,230,0.8);\"><div class=\"desc_wrap\"><div class=\"desc_txt\"><p><i><span style=\"font-weight: 400;\">Sports nutrition<\/span><\/i><\/p><\/div><\/div><\/div><\/a><\/div>\n\t\t\t\t<\/div>\n\t\t\t\t<\/div>\n\t\t\t\t\t<\/div>\n\t\t<\/div>\n\t\t\t\t\t<\/div>\n\t\t<\/section>\n\t\t\t\t\t<\/div>\n\t\t<\/div>\n\t\t\t\t\t<\/div>\n\t\t<\/section>\n\t\t<div class=\"elementor-element elementor-element-23245c8 e-flex e-con-boxed e-con e-parent\" data-id=\"23245c8\" data-element_type=\"container\" data-e-type=\"container\" data-settings=\"{&quot;background_background&quot;:&quot;classic&quot;}\">\n\t\t\t\t\t<div class=\"e-con-inner\">\n\t\t\t\t<div class=\"elementor-element elementor-element-6ef9eee elementor-widget elementor-widget-heading\" data-id=\"6ef9eee\" data-element_type=\"widget\" data-e-type=\"widget\" data-widget_type=\"heading.default\">\n\t\t\t\t\t<h2 class=\"elementor-heading-title elementor-size-default\">The website of Demj\u00e1n\nS\u00e1ndor Demj\u00e1n Programme.<\/h2>\t\t\t\t<\/div>\n\t\t<div class=\"elementor-element elementor-element-4361b5d e-grid e-con-full e-con e-child\" data-id=\"4361b5d\" data-element_type=\"container\" data-e-type=\"container\">\n\t\t\t\t<div class=\"elementor-element elementor-element-54578d0 elementor-widget elementor-widget-image\" data-id=\"54578d0\" data-element_type=\"widget\" data-e-type=\"widget\" data-widget_type=\"image.default\">\n\t\t\t\t\t\t\t\t\t\t\t\t\t\t\t<img alt=\"\" loading=\"lazy\" decoding=\"async\" width=\"500\" height=\"276\" src=\"https:\/\/crossmove.tasnadi.group\/wp-content\/uploads\/2026\/02\/DSP_logo_feher_RGB_transparent.png\" class=\"attachment-full size-full wp-image-978\" srcset=\"https:\/\/crossmove.tasnadi.group\/wp-content\/uploads\/2026\/02\/DSP_logo_feher_RGB_transparent.png 500w, https:\/\/crossmove.tasnadi.group\/wp-content\/uploads\/2026\/02\/DSP_logo_feher_RGB_transparent-300x166.png 300w, https:\/\/crossmove.tasnadi.group\/wp-content\/uploads\/2026\/02\/DSP_logo_feher_RGB_transparent-18x10.png 18w, https:\/\/crossmove.tasnadi.group\/wp-content\/uploads\/2026\/02\/DSP_logo_feher_RGB_transparent-136x75.png 136w, https:\/\/crossmove.tasnadi.group\/wp-content\/uploads\/2026\/02\/DSP_logo_feher_RGB_transparent-480x265.png 480w\" sizes=\"(max-width:767px) 480px, 500px\" \/>\t\t\t\t\t\t\t\t\t\t\t\t\t\t\t<\/div>\n\t\t\t\t<div class=\"elementor-element elementor-element-54deac8 elementor-widget elementor-widget-image\" data-id=\"54deac8\" data-element_type=\"widget\" data-e-type=\"widget\" data-widget_type=\"image.default\">\n\t\t\t\t\t\t\t\t\t\t\t\t\t\t\t<img alt=\"\" loading=\"lazy\" decoding=\"async\" width=\"500\" height=\"176\" src=\"https:\/\/crossmove.tasnadi.group\/wp-content\/uploads\/2026\/02\/NEUM_logo_feher_RGB_transparent.png\" class=\"attachment-full size-full wp-image-979\" srcset=\"https:\/\/crossmove.tasnadi.group\/wp-content\/uploads\/2026\/02\/NEUM_logo_feher_RGB_transparent.png 500w, https:\/\/crossmove.tasnadi.group\/wp-content\/uploads\/2026\/02\/NEUM_logo_feher_RGB_transparent-300x106.png 300w, https:\/\/crossmove.tasnadi.group\/wp-content\/uploads\/2026\/02\/NEUM_logo_feher_RGB_transparent-18x6.png 18w, https:\/\/crossmove.tasnadi.group\/wp-content\/uploads\/2026\/02\/NEUM_logo_feher_RGB_transparent-150x53.png 150w, https:\/\/crossmove.tasnadi.group\/wp-content\/uploads\/2026\/02\/NEUM_logo_feher_RGB_transparent-480x169.png 480w\" sizes=\"(max-width:767px) 480px, 500px\" \/>\t\t\t\t\t\t\t\t\t\t\t\t\t\t\t<\/div>\n\t\t\t\t<\/div>\n\t\t\t\t\t<\/div>\n\t\t\t\t<\/div>\n\t\t<div class=\"elementor-element elementor-element-05c5075 e-flex e-con-boxed e-con e-parent\" data-id=\"05c5075\" data-element_type=\"container\" data-e-type=\"container\" data-settings=\"{&quot;background_background&quot;:&quot;classic&quot;}\">\n\t\t\t\t\t<div class=\"e-con-inner\">\n\t\t\t\t<div class=\"elementor-element elementor-element-26eaeaf elementor-widget elementor-widget-image\" data-id=\"26eaeaf\" data-element_type=\"widget\" data-e-type=\"widget\" data-widget_type=\"image.default\">\n\t\t\t\t\t\t\t\t\t\t\t\t\t\t\t<img alt=\"\" loading=\"lazy\" decoding=\"async\" width=\"350\" height=\"238\" src=\"https:\/\/crossmove.tasnadi.group\/wp-content\/uploads\/2026\/02\/crossmove-logo-felirattal-zold-350x238-png.png\" class=\"attachment-large size-large wp-image-1335\" srcset=\"https:\/\/crossmove.tasnadi.group\/wp-content\/uploads\/2026\/02\/crossmove-logo-felirattal-zold-350x238-png.png 350w, https:\/\/crossmove.tasnadi.group\/wp-content\/uploads\/2026\/02\/crossmove-logo-felirattal-zold-350x238-png-300x204.png 300w, https:\/\/crossmove.tasnadi.group\/wp-content\/uploads\/2026\/02\/crossmove-logo-felirattal-zold-350x238-png-18x12.png 18w, https:\/\/crossmove.tasnadi.group\/wp-content\/uploads\/2026\/02\/crossmove-logo-felirattal-zold-350x238-png-110x75.png 110w\" sizes=\"(max-width:767px) 350px, 350px\" \/>\t\t\t\t\t\t\t\t\t\t\t\t\t\t\t<\/div>\n\t\t\t\t\t<\/div>\n\t\t\t\t<\/div>\n\t\t\t\t<\/div>","protected":false},"excerpt":{"rendered":"<p>Rekre\u00e1ci\u00f3 &amp; wellbeing Hidegter\u00e1pia Term\u00e9szetes f\u00e9ny \u00a0 Mobiliz\u00e1ci\u00f3 Gerincf\u00f3kusz \u00dasz\u00e1s Sportt\u00e1pl\u00e1lkoz\u00e1s A weboldal a Demj\u00e1n S\u00e1ndor Program keret\u00e9ben \u00e9s t\u00e1mogat\u00e1s\u00e1val val\u00f3sult meg.<\/p>","protected":false},"author":1,"featured_media":0,"parent":0,"menu_order":0,"comment_status":"open","ping_status":"closed","template":"elementor_header_footer","meta":{"_seopress_robots_primary_cat":"","_seopress_titles_title":"","_seopress_titles_desc":"","_seopress_robots_index":"","footnotes":""},"class_list":["post-44","page","type-page","status-publish","hentry"],"_links":{"self":[{"href":"https:\/\/crossmove.tasnadi.group\/en\/wp-json\/wp\/v2\/pages\/44","targetHints":{"allow":["GET"]}}],"collection":[{"href":"https:\/\/crossmove.tasnadi.group\/en\/wp-json\/wp\/v2\/pages"}],"about":[{"href":"https:\/\/crossmove.tasnadi.group\/en\/wp-json\/wp\/v2\/types\/page"}],"author":[{"embeddable":true,"href":"https:\/\/crossmove.tasnadi.group\/en\/wp-json\/wp\/v2\/users\/1"}],"replies":[{"embeddable":true,"href":"https:\/\/crossmove.tasnadi.group\/en\/wp-json\/wp\/v2\/comments?post=44"}],"version-history":[{"count":43,"href":"https:\/\/crossmove.tasnadi.group\/en\/wp-json\/wp\/v2\/pages\/44\/revisions"}],"predecessor-version":[{"id":1351,"href":"https:\/\/crossmove.tasnadi.group\/en\/wp-json\/wp\/v2\/pages\/44\/revisions\/1351"}],"wp:attachment":[{"href":"https:\/\/crossmove.tasnadi.group\/en\/wp-json\/wp\/v2\/media?parent=44"}],"curies":[{"name":"wp","href":"https:\/\/api.w.org\/{rel}","templated":true}]}}