{"id":918,"date":"2026-02-19T13:37:51","date_gmt":"2026-02-19T12:37:51","guid":{"rendered":"https:\/\/crossmove.tasnadi.group\/?page_id=918"},"modified":"2026-04-01T13:47:21","modified_gmt":"2026-04-01T11:47:21","slug":"esemenyek","status":"publish","type":"page","link":"https:\/\/crossmove.tasnadi.group\/en\/esemenyek\/","title":{"rendered":"Events"},"content":{"rendered":"<div data-elementor-type=\"wp-page\" data-elementor-id=\"918\" class=\"elementor elementor-918\" data-elementor-post-type=\"page\">\n\t\t\t\t\t\t<section class=\"elementor-section elementor-top-section elementor-element elementor-element-ac6e242 elementor-section-stretched elementor-section-boxed elementor-section-height-default elementor-section-height-default\" data-id=\"ac6e242\" data-element_type=\"section\" data-e-type=\"section\" data-settings=\"{&quot;stretch_section&quot;:&quot;section-stretched&quot;,&quot;background_background&quot;:&quot;gradient&quot;}\">\n\t\t\t\t\t\t<div class=\"elementor-container elementor-column-gap-wider\">\n\t\t\t\t\t<div class=\"elementor-column elementor-col-100 elementor-top-column elementor-element elementor-element-426394f\" data-id=\"426394f\" data-element_type=\"column\" data-e-type=\"column\">\n\t\t\t<div class=\"elementor-widget-wrap elementor-element-populated\">\n\t\t\t\t\t\t<section class=\"elementor-section elementor-inner-section elementor-element elementor-element-6809396 elementor-section-boxed elementor-section-height-default elementor-section-height-default\" data-id=\"6809396\" data-element_type=\"section\" data-e-type=\"section\">\n\t\t\t\t\t\t<div class=\"elementor-container elementor-column-gap-default\">\n\t\t\t\t\t<div class=\"elementor-column elementor-col-50 elementor-inner-column elementor-element elementor-element-1f8329e\" data-id=\"1f8329e\" data-element_type=\"column\" data-e-type=\"column\">\n\t\t\t<div class=\"elementor-widget-wrap elementor-element-populated\">\n\t\t\t\t\t\t<div class=\"elementor-element elementor-element-83e2056 elementor-widget elementor-widget-text-editor\" data-id=\"83e2056\" data-element_type=\"widget\" data-e-type=\"widget\" data-widget_type=\"text-editor.default\">\n\t\t\t\t\t\t\t\t\t<p><b>events<\/b><\/p>\t\t\t\t\t\t\t\t<\/div>\n\t\t\t\t<div class=\"elementor-element elementor-element-66a437f elementor-widget elementor-widget-text-editor\" data-id=\"66a437f\" data-element_type=\"widget\" data-e-type=\"widget\" data-widget_type=\"text-editor.default\">\n\t\t\t\t\t\t\t\t\t<p data-path-to-node=\"4\"><span class=\"\">Crossmove is more,<\/span><span class=\"\"> as theory - we bring together the power of community and practical experience.<\/span><span class=\"\"> Take part in our outdoor training sessions,<\/span><span class=\"\"> at our professional workshops or inspiring camps,<\/span><span class=\"\"> and make a conscious lifestyle outdoors a reality.<\/span><span class=\"\"> Choose the programme that's right for you,<\/span><span class=\"\"> and join us on the road to progress!<\/span><\/p>\t\t\t\t\t\t\t\t<\/div>\n\t\t\t\t\t<\/div>\n\t\t<\/div>\n\t\t\t\t<div class=\"elementor-column elementor-col-50 elementor-inner-column elementor-element elementor-element-bc319fd\" data-id=\"bc319fd\" data-element_type=\"column\" data-e-type=\"column\">\n\t\t\t<div class=\"elementor-widget-wrap\">\n\t\t\t\t\t\t\t<\/div>\n\t\t<\/div>\n\t\t\t\t\t<\/div>\n\t\t<\/section>\n\t\t\t\t<section class=\"elementor-section elementor-inner-section elementor-element elementor-element-a78a997 elementor-section-boxed elementor-section-height-default elementor-section-height-default\" data-id=\"a78a997\" data-element_type=\"section\" data-e-type=\"section\">\n\t\t\t\t\t\t<div class=\"elementor-container elementor-column-gap-default\">\n\t\t\t\t\t<div class=\"elementor-column elementor-col-50 elementor-inner-column elementor-element elementor-element-46d4b89\" data-id=\"46d4b89\" data-element_type=\"column\" data-e-type=\"column\">\n\t\t\t<div class=\"elementor-widget-wrap elementor-element-populated\">\n\t\t\t\t\t\t<div class=\"elementor-element elementor-element-8e59fca elementor-widget elementor-widget-image\" data-id=\"8e59fca\" data-element_type=\"widget\" data-e-type=\"widget\" data-widget_type=\"image.default\">\n\t\t\t\t\t\t\t\t\t\t\t\t\t\t\t<img alt=\"\" fetchpriority=\"high\" decoding=\"async\" width=\"512\" height=\"512\" src=\"https:\/\/crossmove.tasnadi.group\/wp-content\/uploads\/2026\/03\/landscape.png\" class=\"attachment-full size-full wp-image-1121\" srcset=\"https:\/\/crossmove.tasnadi.group\/wp-content\/uploads\/2026\/03\/landscape.png 512w, https:\/\/crossmove.tasnadi.group\/wp-content\/uploads\/2026\/03\/landscape-500x500.png 500w, https:\/\/crossmove.tasnadi.group\/wp-content\/uploads\/2026\/03\/landscape-300x300.png 300w, https:\/\/crossmove.tasnadi.group\/wp-content\/uploads\/2026\/03\/landscape-12x12.png 12w, https:\/\/crossmove.tasnadi.group\/wp-content\/uploads\/2026\/03\/landscape-150x150.png 150w, https:\/\/crossmove.tasnadi.group\/wp-content\/uploads\/2026\/03\/landscape-75x75.png 75w, https:\/\/crossmove.tasnadi.group\/wp-content\/uploads\/2026\/03\/landscape-480x480.png 480w\" sizes=\"(max-width:767px) 480px, 512px\" \/>\t\t\t\t\t\t\t\t\t\t\t\t\t\t\t<\/div>\n\t\t\t\t<div class=\"elementor-element elementor-element-c4a1959 elementor-widget elementor-widget-text-editor\" data-id=\"c4a1959\" data-element_type=\"widget\" data-e-type=\"widget\" data-widget_type=\"text-editor.default\">\n\t\t\t\t\t\t\t\t\t<p><b>workout<\/b><\/p>\t\t\t\t\t\t\t\t<\/div>\n\t\t\t\t<div class=\"elementor-element elementor-element-d8b3382 elementor-mobile-align-center elementor-align-center edzes elementor-widget elementor-widget-button\" data-id=\"d8b3382\" data-element_type=\"widget\" data-e-type=\"widget\" data-widget_type=\"button.default\">\n\t\t\t\t\t\t\t\t\t\t<a class=\"elementor-button elementor-button-link elementor-size-sm\" href=\"https:\/\/crossmove.tasnadi.group\/en\/kapcsolat\/\">\n\t\t\t\t\t\t<span class=\"elementor-button-content-wrapper\">\n\t\t\t\t\t\t\t\t\t<span class=\"elementor-button-text\">Contact<\/span>\n\t\t\t\t\t<\/span>\n\t\t\t\t\t<\/a>\n\t\t\t\t\t\t\t\t<\/div>\n\t\t\t\t\t<\/div>\n\t\t<\/div>\n\t\t\t\t<div class=\"elementor-column elementor-col-50 elementor-inner-column elementor-element elementor-element-8353301\" data-id=\"8353301\" data-element_type=\"column\" data-e-type=\"column\">\n\t\t\t<div class=\"elementor-widget-wrap elementor-element-populated\">\n\t\t\t\t\t\t<div class=\"elementor-element elementor-element-77b79d5 elementor-widget elementor-widget-image\" data-id=\"77b79d5\" data-element_type=\"widget\" data-e-type=\"widget\" data-widget_type=\"image.default\">\n\t\t\t\t\t\t\t\t\t\t\t\t\t\t\t<img alt=\"\" decoding=\"async\" width=\"512\" height=\"512\" src=\"https:\/\/crossmove.tasnadi.group\/wp-content\/uploads\/2026\/02\/presentation.png\" class=\"attachment-full size-full wp-image-1019\" srcset=\"https:\/\/crossmove.tasnadi.group\/wp-content\/uploads\/2026\/02\/presentation.png 512w, https:\/\/crossmove.tasnadi.group\/wp-content\/uploads\/2026\/02\/presentation-500x500.png 500w, https:\/\/crossmove.tasnadi.group\/wp-content\/uploads\/2026\/02\/presentation-300x300.png 300w, https:\/\/crossmove.tasnadi.group\/wp-content\/uploads\/2026\/02\/presentation-12x12.png 12w, https:\/\/crossmove.tasnadi.group\/wp-content\/uploads\/2026\/02\/presentation-150x150.png 150w, https:\/\/crossmove.tasnadi.group\/wp-content\/uploads\/2026\/02\/presentation-75x75.png 75w, https:\/\/crossmove.tasnadi.group\/wp-content\/uploads\/2026\/02\/presentation-480x480.png 480w\" sizes=\"(max-width:767px) 480px, 512px\" \/>\t\t\t\t\t\t\t\t\t\t\t\t\t\t\t<\/div>\n\t\t\t\t<div class=\"elementor-element elementor-element-6e596ee elementor-widget elementor-widget-text-editor\" data-id=\"6e596ee\" data-element_type=\"widget\" data-e-type=\"widget\" data-widget_type=\"text-editor.default\">\n\t\t\t\t\t\t\t\t\t<p><strong>Workshop<\/strong><\/p>\t\t\t\t\t\t\t\t<\/div>\n\t\t\t\t<div class=\"elementor-element elementor-element-4930992 elementor-mobile-align-center elementor-align-center workshop elementor-widget elementor-widget-button\" data-id=\"4930992\" data-element_type=\"widget\" data-e-type=\"widget\" data-widget_type=\"button.default\">\n\t\t\t\t\t\t\t\t\t\t<a class=\"elementor-button elementor-button-link elementor-size-sm\" href=\"https:\/\/crossmove.tasnadi.group\/en\/kapcsolat\/\">\n\t\t\t\t\t\t<span class=\"elementor-button-content-wrapper\">\n\t\t\t\t\t\t\t\t\t<span class=\"elementor-button-text\">Contact<\/span>\n\t\t\t\t\t<\/span>\n\t\t\t\t\t<\/a>\n\t\t\t\t\t\t\t\t<\/div>\n\t\t\t\t\t<\/div>\n\t\t<\/div>\n\t\t\t\t\t<\/div>\n\t\t<\/section>\n\t\t<div class=\"elementor-element elementor-element-c4b55b1 e-flex e-con-boxed e-con e-parent\" data-id=\"c4b55b1\" data-element_type=\"container\" data-e-type=\"container\">\n\t\t\t\t\t<div class=\"e-con-inner\">\n\t\t<div class=\"elementor-element elementor-element-af3acbd e-con-full e-flex e-con e-child\" data-id=\"af3acbd\" data-element_type=\"container\" data-e-type=\"container\">\n\t\t\t\t<div class=\"elementor-element elementor-element-cf3c37f elementor-widget elementor-widget-image\" data-id=\"cf3c37f\" data-element_type=\"widget\" data-e-type=\"widget\" data-widget_type=\"image.default\">\n\t\t\t\t\t\t\t\t\t\t\t\t\t\t\t<img alt=\"\" decoding=\"async\" width=\"512\" height=\"512\" src=\"https:\/\/crossmove.tasnadi.group\/wp-content\/uploads\/2026\/03\/yoga-pose.png\" class=\"attachment-full size-full wp-image-1120\" srcset=\"https:\/\/crossmove.tasnadi.group\/wp-content\/uploads\/2026\/03\/yoga-pose.png 512w, https:\/\/crossmove.tasnadi.group\/wp-content\/uploads\/2026\/03\/yoga-pose-500x500.png 500w, https:\/\/crossmove.tasnadi.group\/wp-content\/uploads\/2026\/03\/yoga-pose-300x300.png 300w, https:\/\/crossmove.tasnadi.group\/wp-content\/uploads\/2026\/03\/yoga-pose-12x12.png 12w, https:\/\/crossmove.tasnadi.group\/wp-content\/uploads\/2026\/03\/yoga-pose-150x150.png 150w, https:\/\/crossmove.tasnadi.group\/wp-content\/uploads\/2026\/03\/yoga-pose-75x75.png 75w, https:\/\/crossmove.tasnadi.group\/wp-content\/uploads\/2026\/03\/yoga-pose-480x480.png 480w\" sizes=\"(max-width:767px) 480px, 512px\" \/>\t\t\t\t\t\t\t\t\t\t\t\t\t\t\t<\/div>\n\t\t\t\t<div class=\"elementor-element elementor-element-412c11f elementor-widget elementor-widget-text-editor\" data-id=\"412c11f\" data-element_type=\"widget\" data-e-type=\"widget\" data-widget_type=\"text-editor.default\">\n\t\t\t\t\t\t\t\t\t<p><strong>crossmove 20\u2032<\/strong><\/p>\t\t\t\t\t\t\t\t<\/div>\n\t\t\t\t<div class=\"elementor-element elementor-element-3990939 elementor-mobile-align-center elementor-align-center csapat elementor-widget elementor-widget-button\" data-id=\"3990939\" data-element_type=\"widget\" data-e-type=\"widget\" data-widget_type=\"button.default\">\n\t\t\t\t\t\t\t\t\t\t<a class=\"elementor-button elementor-button-link elementor-size-sm\" href=\"https:\/\/crossmove.tasnadi.group\/en\/kapcsolat\/\">\n\t\t\t\t\t\t<span class=\"elementor-button-content-wrapper\">\n\t\t\t\t\t\t\t\t\t<span class=\"elementor-button-text\">contact<\/span>\n\t\t\t\t\t<\/span>\n\t\t\t\t\t<\/a>\n\t\t\t\t\t\t\t\t<\/div>\n\t\t\t\t<\/div>\n\t\t<div class=\"elementor-element elementor-element-aba3218 e-con-full e-flex e-con e-child\" data-id=\"aba3218\" data-element_type=\"container\" data-e-type=\"container\">\n\t\t\t\t<div class=\"elementor-element elementor-element-056df2c elementor-widget elementor-widget-image\" data-id=\"056df2c\" data-element_type=\"widget\" data-e-type=\"widget\" data-widget_type=\"image.default\">\n\t\t\t\t\t\t\t\t\t\t\t\t\t\t\t<img alt=\"\" loading=\"lazy\" decoding=\"async\" width=\"512\" height=\"512\" src=\"https:\/\/crossmove.tasnadi.group\/wp-content\/uploads\/2026\/02\/team.png\" class=\"attachment-full size-full wp-image-1021\" srcset=\"https:\/\/crossmove.tasnadi.group\/wp-content\/uploads\/2026\/02\/team.png 512w, https:\/\/crossmove.tasnadi.group\/wp-content\/uploads\/2026\/02\/team-500x500.png 500w, https:\/\/crossmove.tasnadi.group\/wp-content\/uploads\/2026\/02\/team-300x300.png 300w, https:\/\/crossmove.tasnadi.group\/wp-content\/uploads\/2026\/02\/team-12x12.png 12w, https:\/\/crossmove.tasnadi.group\/wp-content\/uploads\/2026\/02\/team-150x150.png 150w, https:\/\/crossmove.tasnadi.group\/wp-content\/uploads\/2026\/02\/team-75x75.png 75w, https:\/\/crossmove.tasnadi.group\/wp-content\/uploads\/2026\/02\/team-480x480.png 480w\" sizes=\"(max-width:767px) 480px, 512px\" \/>\t\t\t\t\t\t\t\t\t\t\t\t\t\t\t<\/div>\n\t\t\t\t<div class=\"elementor-element elementor-element-68ebe11 elementor-widget elementor-widget-text-editor\" data-id=\"68ebe11\" data-element_type=\"widget\" data-e-type=\"widget\" data-widget_type=\"text-editor.default\">\n\t\t\t\t\t\t\t\t\t<p><b>team building<\/b><\/p>\t\t\t\t\t\t\t\t<\/div>\n\t\t\t\t<div class=\"elementor-element elementor-element-db0cb4f elementor-mobile-align-center elementor-align-center csapat elementor-widget elementor-widget-button\" data-id=\"db0cb4f\" data-element_type=\"widget\" data-e-type=\"widget\" data-widget_type=\"button.default\">\n\t\t\t\t\t\t\t\t\t\t<a class=\"elementor-button elementor-button-link elementor-size-sm\" href=\"https:\/\/crossmove.tasnadi.group\/en\/kapcsolat\/\">\n\t\t\t\t\t\t<span class=\"elementor-button-content-wrapper\">\n\t\t\t\t\t\t\t\t\t<span class=\"elementor-button-text\">contact<\/span>\n\t\t\t\t\t<\/span>\n\t\t\t\t\t<\/a>\n\t\t\t\t\t\t\t\t<\/div>\n\t\t\t\t<\/div>\n\t\t<div class=\"elementor-element elementor-element-c0cdc5d e-con-full e-flex e-con e-child\" data-id=\"c0cdc5d\" data-element_type=\"container\" data-e-type=\"container\">\n\t\t\t\t<div class=\"elementor-element elementor-element-b36e386 elementor-widget elementor-widget-image\" data-id=\"b36e386\" data-element_type=\"widget\" data-e-type=\"widget\" data-widget_type=\"image.default\">\n\t\t\t\t\t\t\t\t\t\t\t\t\t\t\t<img alt=\"\" loading=\"lazy\" decoding=\"async\" width=\"512\" height=\"512\" src=\"https:\/\/crossmove.tasnadi.group\/wp-content\/uploads\/2026\/02\/talk.png\" class=\"attachment-full size-full wp-image-1022\" srcset=\"https:\/\/crossmove.tasnadi.group\/wp-content\/uploads\/2026\/02\/talk.png 512w, https:\/\/crossmove.tasnadi.group\/wp-content\/uploads\/2026\/02\/talk-500x500.png 500w, https:\/\/crossmove.tasnadi.group\/wp-content\/uploads\/2026\/02\/talk-300x300.png 300w, https:\/\/crossmove.tasnadi.group\/wp-content\/uploads\/2026\/02\/talk-12x12.png 12w, https:\/\/crossmove.tasnadi.group\/wp-content\/uploads\/2026\/02\/talk-150x150.png 150w, https:\/\/crossmove.tasnadi.group\/wp-content\/uploads\/2026\/02\/talk-75x75.png 75w, https:\/\/crossmove.tasnadi.group\/wp-content\/uploads\/2026\/02\/talk-480x480.png 480w\" sizes=\"(max-width:767px) 480px, 512px\" \/>\t\t\t\t\t\t\t\t\t\t\t\t\t\t\t<\/div>\n\t\t\t\t<div class=\"elementor-element elementor-element-f3ae9c0 elementor-widget elementor-widget-text-editor\" data-id=\"f3ae9c0\" data-element_type=\"widget\" data-e-type=\"widget\" data-widget_type=\"text-editor.default\">\n\t\t\t\t\t\t\t\t\t<p><b>consultation<\/b><\/p>\t\t\t\t\t\t\t\t<\/div>\n\t\t\t\t<div class=\"elementor-element elementor-element-43dfda0 elementor-mobile-align-center elementor-align-center csapat elementor-widget elementor-widget-button\" data-id=\"43dfda0\" data-element_type=\"widget\" data-e-type=\"widget\" data-widget_type=\"button.default\">\n\t\t\t\t\t\t\t\t\t\t<a class=\"elementor-button elementor-button-link elementor-size-sm\" href=\"https:\/\/crossmove.tasnadi.group\/en\/kapcsolat\/\">\n\t\t\t\t\t\t<span class=\"elementor-button-content-wrapper\">\n\t\t\t\t\t\t\t\t\t<span class=\"elementor-button-text\">contact<\/span>\n\t\t\t\t\t<\/span>\n\t\t\t\t\t<\/a>\n\t\t\t\t\t\t\t\t<\/div>\n\t\t\t\t<\/div>\n\t\t\t\t\t<\/div>\n\t\t\t\t<\/div>\n\t\t\t\t\t<\/div>\n\t\t<\/div>\n\t\t\t\t\t<\/div>\n\t\t<\/section>\n\t\t<div class=\"elementor-element elementor-element-da62e92 e-flex e-con-boxed e-con e-parent\" data-id=\"da62e92\" data-element_type=\"container\" data-e-type=\"container\" data-settings=\"{&quot;background_background&quot;:&quot;classic&quot;}\">\n\t\t\t\t\t<div class=\"e-con-inner\">\n\t\t\t\t<div class=\"elementor-element elementor-element-c8c337d elementor-widget elementor-widget-heading\" data-id=\"c8c337d\" data-element_type=\"widget\" data-e-type=\"widget\" data-widget_type=\"heading.default\">\n\t\t\t\t\t<h2 class=\"elementor-heading-title elementor-size-default\">The website of Demj\u00e1n\nS\u00e1ndor Demj\u00e1n Programme.<\/h2>\t\t\t\t<\/div>\n\t\t<div class=\"elementor-element elementor-element-ddc6c5e e-grid e-con-full e-con e-child\" data-id=\"ddc6c5e\" data-element_type=\"container\" data-e-type=\"container\">\n\t\t\t\t<div class=\"elementor-element elementor-element-7d86b12 elementor-widget elementor-widget-image\" data-id=\"7d86b12\" data-element_type=\"widget\" data-e-type=\"widget\" data-widget_type=\"image.default\">\n\t\t\t\t\t\t\t\t\t\t\t\t\t\t\t<img alt=\"\" loading=\"lazy\" decoding=\"async\" width=\"500\" height=\"276\" src=\"https:\/\/crossmove.tasnadi.group\/wp-content\/uploads\/2026\/02\/DSP_logo_feher_RGB_transparent.png\" class=\"attachment-full size-full wp-image-978\" srcset=\"https:\/\/crossmove.tasnadi.group\/wp-content\/uploads\/2026\/02\/DSP_logo_feher_RGB_transparent.png 500w, https:\/\/crossmove.tasnadi.group\/wp-content\/uploads\/2026\/02\/DSP_logo_feher_RGB_transparent-300x166.png 300w, https:\/\/crossmove.tasnadi.group\/wp-content\/uploads\/2026\/02\/DSP_logo_feher_RGB_transparent-18x10.png 18w, https:\/\/crossmove.tasnadi.group\/wp-content\/uploads\/2026\/02\/DSP_logo_feher_RGB_transparent-136x75.png 136w, https:\/\/crossmove.tasnadi.group\/wp-content\/uploads\/2026\/02\/DSP_logo_feher_RGB_transparent-480x265.png 480w\" sizes=\"(max-width:767px) 480px, 500px\" \/>\t\t\t\t\t\t\t\t\t\t\t\t\t\t\t<\/div>\n\t\t\t\t<div class=\"elementor-element elementor-element-b28929d elementor-widget elementor-widget-image\" data-id=\"b28929d\" data-element_type=\"widget\" data-e-type=\"widget\" data-widget_type=\"image.default\">\n\t\t\t\t\t\t\t\t\t\t\t\t\t\t\t<img alt=\"\" loading=\"lazy\" decoding=\"async\" width=\"500\" height=\"176\" src=\"https:\/\/crossmove.tasnadi.group\/wp-content\/uploads\/2026\/02\/NEUM_logo_feher_RGB_transparent.png\" class=\"attachment-full size-full wp-image-979\" srcset=\"https:\/\/crossmove.tasnadi.group\/wp-content\/uploads\/2026\/02\/NEUM_logo_feher_RGB_transparent.png 500w, https:\/\/crossmove.tasnadi.group\/wp-content\/uploads\/2026\/02\/NEUM_logo_feher_RGB_transparent-300x106.png 300w, https:\/\/crossmove.tasnadi.group\/wp-content\/uploads\/2026\/02\/NEUM_logo_feher_RGB_transparent-18x6.png 18w, https:\/\/crossmove.tasnadi.group\/wp-content\/uploads\/2026\/02\/NEUM_logo_feher_RGB_transparent-150x53.png 150w, https:\/\/crossmove.tasnadi.group\/wp-content\/uploads\/2026\/02\/NEUM_logo_feher_RGB_transparent-480x169.png 480w\" sizes=\"(max-width:767px) 480px, 500px\" \/>\t\t\t\t\t\t\t\t\t\t\t\t\t\t\t<\/div>\n\t\t\t\t<\/div>\n\t\t\t\t\t<\/div>\n\t\t\t\t<\/div>\n\t\t<div class=\"elementor-element elementor-element-430cafa e-flex e-con-boxed e-con e-parent\" data-id=\"430cafa\" data-element_type=\"container\" data-e-type=\"container\" data-settings=\"{&quot;background_background&quot;:&quot;classic&quot;}\">\n\t\t\t\t\t<div class=\"e-con-inner\">\n\t\t\t\t<div class=\"elementor-element elementor-element-5691ec9 elementor-widget elementor-widget-image\" data-id=\"5691ec9\" data-element_type=\"widget\" data-e-type=\"widget\" data-widget_type=\"image.default\">\n\t\t\t\t\t\t\t\t\t\t\t\t\t\t\t<img alt=\"\" loading=\"lazy\" decoding=\"async\" width=\"350\" height=\"238\" src=\"https:\/\/crossmove.tasnadi.group\/wp-content\/uploads\/2026\/02\/crossmove-logo-felirattal-zold-350x238-png.png\" class=\"attachment-large size-large wp-image-1335\" srcset=\"https:\/\/crossmove.tasnadi.group\/wp-content\/uploads\/2026\/02\/crossmove-logo-felirattal-zold-350x238-png.png 350w, https:\/\/crossmove.tasnadi.group\/wp-content\/uploads\/2026\/02\/crossmove-logo-felirattal-zold-350x238-png-300x204.png 300w, https:\/\/crossmove.tasnadi.group\/wp-content\/uploads\/2026\/02\/crossmove-logo-felirattal-zold-350x238-png-18x12.png 18w, https:\/\/crossmove.tasnadi.group\/wp-content\/uploads\/2026\/02\/crossmove-logo-felirattal-zold-350x238-png-110x75.png 110w\" sizes=\"(max-width:767px) 350px, 350px\" \/>\t\t\t\t\t\t\t\t\t\t\t\t\t\t\t<\/div>\n\t\t\t\t\t<\/div>\n\t\t\t\t<\/div>\n\t\t\t\t<\/div>","protected":false},"excerpt":{"rendered":"<p>esem\u00e9nyek A Crossmove t\u00f6bb, mint elm\u00e9let \u2013 n\u00e1lunk a k\u00f6z\u00f6ss\u00e9g ereje \u00e9s a gyakorlati tapasztal\u00e1s tal\u00e1lkozik. Vegy\u00e9l r\u00e9szt szabadt\u00e9ri edz\u00e9seinken, szakmai workshopjainkon vagy inspir\u00e1l\u00f3 t\u00e1borainkban, \u00e9s<span class=\"excerpt-hellip\"> [\u2026]<\/span><\/p>\n","protected":false},"author":1,"featured_media":-1,"parent":0,"menu_order":0,"comment_status":"closed","ping_status":"closed","template":"elementor_header_footer","meta":{"_seopress_robots_primary_cat":"","_seopress_titles_title":"","_seopress_titles_desc":"","_seopress_robots_index":"","footnotes":""},"class_list":["post-918","page","type-page","status-publish","has-post-thumbnail","hentry"],"_links":{"self":[{"href":"https:\/\/crossmove.tasnadi.group\/en\/wp-json\/wp\/v2\/pages\/918","targetHints":{"allow":["GET"]}}],"collection":[{"href":"https:\/\/crossmove.tasnadi.group\/en\/wp-json\/wp\/v2\/pages"}],"about":[{"href":"https:\/\/crossmove.tasnadi.group\/en\/wp-json\/wp\/v2\/types\/page"}],"author":[{"embeddable":true,"href":"https:\/\/crossmove.tasnadi.group\/en\/wp-json\/wp\/v2\/users\/1"}],"replies":[{"embeddable":true,"href":"https:\/\/crossmove.tasnadi.group\/en\/wp-json\/wp\/v2\/comments?post=918"}],"version-history":[{"count":58,"href":"https:\/\/crossmove.tasnadi.group\/en\/wp-json\/wp\/v2\/pages\/918\/revisions"}],"predecessor-version":[{"id":1361,"href":"https:\/\/crossmove.tasnadi.group\/en\/wp-json\/wp\/v2\/pages\/918\/revisions\/1361"}],"wp:featuredmedia":[{"embeddable":true,"href":"https:\/\/crossmove.tasnadi.group\/en\/wp-json\/"}],"wp:attachment":[{"href":"https:\/\/crossmove.tasnadi.group\/en\/wp-json\/wp\/v2\/media?parent=918"}],"curies":[{"name":"wp","href":"https:\/\/api.w.org\/{rel}","templated":true}]}}